{"id":13,"date":"2025-06-07T14:48:25","date_gmt":"2025-06-07T14:48:25","guid":{"rendered":"https:\/\/energiparktjele.dk\/?page_id=13"},"modified":"2026-04-14T22:00:26","modified_gmt":"2026-04-14T22:00:26","slug":"forside","status":"publish","type":"page","link":"https:\/\/energiparktjele.dk\/","title":{"rendered":"Velkommen til Foreningen mod Energipark Tjele"},"content":{"rendered":"\n<p>Vi har brug for dig! Hvis du gerne vil st\u00f8tte foreningens vigtige arbejde s\u00e5 bliv medlem:<\/p>\n\n\n\n<div class=\"wp-block-buttons is-layout-flex wp-block-buttons-is-layout-flex\">\n<div class=\"wp-block-button\"><a class=\"wp-block-button__link has-accent-background-color has-background wp-element-button\" href=\"https:\/\/energiparktjele.dk\/index.php\/bliv-medlem\/\">Bliv medlem<\/a><\/div>\n<\/div>\n\n\n\n<p><\/p>\n\n\n\n<ul class=\"wp-block-social-links is-layout-flex wp-block-social-links-is-layout-flex\"><li class=\"wp-social-link wp-social-link-instagram  wp-block-social-link\"><a href=\"https:\/\/www.instagram.com\/bevartjele\" class=\"wp-block-social-link-anchor\"><svg width=\"24\" height=\"24\" viewBox=\"0 0 24 24\" version=\"1.1\" xmlns=\"http:\/\/www.w3.org\/2000\/svg\" aria-hidden=\"true\" focusable=\"false\"><path d=\"M12,4.622c2.403,0,2.688,0.009,3.637,0.052c0.877,0.04,1.354,0.187,1.671,0.31c0.42,0.163,0.72,0.358,1.035,0.673 c0.315,0.315,0.51,0.615,0.673,1.035c0.123,0.317,0.27,0.794,0.31,1.671c0.043,0.949,0.052,1.234,0.052,3.637 s-0.009,2.688-0.052,3.637c-0.04,0.877-0.187,1.354-0.31,1.671c-0.163,0.42-0.358,0.72-0.673,1.035 c-0.315,0.315-0.615,0.51-1.035,0.673c-0.317,0.123-0.794,0.27-1.671,0.31c-0.949,0.043-1.233,0.052-3.637,0.052 s-2.688-0.009-3.637-0.052c-0.877-0.04-1.354-0.187-1.671-0.31c-0.42-0.163-0.72-0.358-1.035-0.673 c-0.315-0.315-0.51-0.615-0.673-1.035c-0.123-0.317-0.27-0.794-0.31-1.671C4.631,14.688,4.622,14.403,4.622,12 s0.009-2.688,0.052-3.637c0.04-0.877,0.187-1.354,0.31-1.671c0.163-0.42,0.358-0.72,0.673-1.035 c0.315-0.315,0.615-0.51,1.035-0.673c0.317-0.123,0.794-0.27,1.671-0.31C9.312,4.631,9.597,4.622,12,4.622 M12,3 C9.556,3,9.249,3.01,8.289,3.054C7.331,3.098,6.677,3.25,6.105,3.472C5.513,3.702,5.011,4.01,4.511,4.511 c-0.5,0.5-0.808,1.002-1.038,1.594C3.25,6.677,3.098,7.331,3.054,8.289C3.01,9.249,3,9.556,3,12c0,2.444,0.01,2.751,0.054,3.711 c0.044,0.958,0.196,1.612,0.418,2.185c0.23,0.592,0.538,1.094,1.038,1.594c0.5,0.5,1.002,0.808,1.594,1.038 c0.572,0.222,1.227,0.375,2.185,0.418C9.249,20.99,9.556,21,12,21s2.751-0.01,3.711-0.054c0.958-0.044,1.612-0.196,2.185-0.418 c0.592-0.23,1.094-0.538,1.594-1.038c0.5-0.5,0.808-1.002,1.038-1.594c0.222-0.572,0.375-1.227,0.418-2.185 C20.99,14.751,21,14.444,21,12s-0.01-2.751-0.054-3.711c-0.044-0.958-0.196-1.612-0.418-2.185c-0.23-0.592-0.538-1.094-1.038-1.594 c-0.5-0.5-1.002-0.808-1.594-1.038c-0.572-0.222-1.227-0.375-2.185-0.418C14.751,3.01,14.444,3,12,3L12,3z M12,7.378 c-2.552,0-4.622,2.069-4.622,4.622S9.448,16.622,12,16.622s4.622-2.069,4.622-4.622S14.552,7.378,12,7.378z M12,15 c-1.657,0-3-1.343-3-3s1.343-3,3-3s3,1.343,3,3S13.657,15,12,15z M16.804,6.116c-0.596,0-1.08,0.484-1.08,1.08 s0.484,1.08,1.08,1.08c0.596,0,1.08-0.484,1.08-1.08S17.401,6.116,16.804,6.116z\"><\/path><\/svg><span class=\"wp-block-social-link-label screen-reader-text\">Instagram<\/span><\/a><\/li>\n\n<li class=\"wp-social-link wp-social-link-facebook  wp-block-social-link\"><a href=\"https:\/\/www.facebook.com\/bevartjele\" class=\"wp-block-social-link-anchor\"><svg width=\"24\" height=\"24\" viewBox=\"0 0 24 24\" version=\"1.1\" xmlns=\"http:\/\/www.w3.org\/2000\/svg\" aria-hidden=\"true\" focusable=\"false\"><path d=\"M12 2C6.5 2 2 6.5 2 12c0 5 3.7 9.1 8.4 9.9v-7H7.9V12h2.5V9.8c0-2.5 1.5-3.9 3.8-3.9 1.1 0 2.2.2 2.2.2v2.5h-1.3c-1.2 0-1.6.8-1.6 1.6V12h2.8l-.4 2.9h-2.3v7C18.3 21.1 22 17 22 12c0-5.5-4.5-10-10-10z\"><\/path><\/svg><span class=\"wp-block-social-link-label screen-reader-text\">Facebook<\/span><\/a><\/li>\n\n<li class=\"wp-social-link wp-social-link-youtube  wp-block-social-link\"><a href=\"https:\/\/www.youtube.com\/@bevartjele\" class=\"wp-block-social-link-anchor\"><svg width=\"24\" height=\"24\" viewBox=\"0 0 24 24\" version=\"1.1\" xmlns=\"http:\/\/www.w3.org\/2000\/svg\" aria-hidden=\"true\" focusable=\"false\"><path d=\"M21.8,8.001c0,0-0.195-1.378-0.795-1.985c-0.76-0.797-1.613-0.801-2.004-0.847c-2.799-0.202-6.997-0.202-6.997-0.202 h-0.009c0,0-4.198,0-6.997,0.202C4.608,5.216,3.756,5.22,2.995,6.016C2.395,6.623,2.2,8.001,2.2,8.001S2,9.62,2,11.238v1.517 c0,1.618,0.2,3.237,0.2,3.237s0.195,1.378,0.795,1.985c0.761,0.797,1.76,0.771,2.205,0.855c1.6,0.153,6.8,0.201,6.8,0.201 s4.203-0.006,7.001-0.209c0.391-0.047,1.243-0.051,2.004-0.847c0.6-0.607,0.795-1.985,0.795-1.985s0.2-1.618,0.2-3.237v-1.517 C22,9.62,21.8,8.001,21.8,8.001z M9.935,14.594l-0.001-5.62l5.404,2.82L9.935,14.594z\"><\/path><\/svg><span class=\"wp-block-social-link-label screen-reader-text\">YouTube<\/span><\/a><\/li>\n\n<li class=\"wp-social-link wp-social-link-tiktok  wp-block-social-link\"><a href=\"https:\/\/tiktok.com\/@bevartjele\" class=\"wp-block-social-link-anchor\"><svg width=\"24\" height=\"24\" viewBox=\"0 0 32 32\" version=\"1.1\" xmlns=\"http:\/\/www.w3.org\/2000\/svg\" aria-hidden=\"true\" focusable=\"false\"><path d=\"M16.708 0.027c1.745-0.027 3.48-0.011 5.213-0.027 0.105 2.041 0.839 4.12 2.333 5.563 1.491 1.479 3.6 2.156 5.652 2.385v5.369c-1.923-0.063-3.855-0.463-5.6-1.291-0.76-0.344-1.468-0.787-2.161-1.24-0.009 3.896 0.016 7.787-0.025 11.667-0.104 1.864-0.719 3.719-1.803 5.255-1.744 2.557-4.771 4.224-7.88 4.276-1.907 0.109-3.812-0.411-5.437-1.369-2.693-1.588-4.588-4.495-4.864-7.615-0.032-0.667-0.043-1.333-0.016-1.984 0.24-2.537 1.495-4.964 3.443-6.615 2.208-1.923 5.301-2.839 8.197-2.297 0.027 1.975-0.052 3.948-0.052 5.923-1.323-0.428-2.869-0.308-4.025 0.495-0.844 0.547-1.485 1.385-1.819 2.333-0.276 0.676-0.197 1.427-0.181 2.145 0.317 2.188 2.421 4.027 4.667 3.828 1.489-0.016 2.916-0.88 3.692-2.145 0.251-0.443 0.532-0.896 0.547-1.417 0.131-2.385 0.079-4.76 0.095-7.145 0.011-5.375-0.016-10.735 0.025-16.093z\" \/><\/svg><span class=\"wp-block-social-link-label screen-reader-text\">TikTok<\/span><\/a><\/li><\/ul>\n\n\n\n<h2 class=\"wp-block-heading\">Nyheder<\/h2>\n\n\n\n<p>Seneste <a href=\"https:\/\/energiparktjele.dk\/index.php\/category\/nyheder\/\">nyheder<\/a>. Klik p\u00e5 titlen for at l\u00e6se nyheden. For at se en oversigt over alle nyheder <a href=\"https:\/\/energiparktjele.dk\/index.php\/category\/nyheder\/\" data-type=\"category\" data-id=\"7\">klik her<\/a>.<\/p>\n\n\n\n<div class=\"wp-block-query is-layout-flow wp-block-query-is-layout-flow\"><ul class=\"wp-block-post-template is-layout-flow wp-block-post-template-is-layout-flow\"><li class=\"wp-block-post post-503 post type-post status-publish format-standard has-post-thumbnail hentry category-nyheder\">\n\n<div class=\"wp-block-columns are-vertically-aligned-center is-layout-flex wp-container-core-columns-is-layout-9d6595d7 wp-block-columns-is-layout-flex\">\n<div class=\"wp-block-column is-vertically-aligned-center is-layout-flow wp-block-column-is-layout-flow\" style=\"flex-basis:25%\"><figure style=\"height:100px;\" class=\"wp-block-post-featured-image\"><a href=\"https:\/\/energiparktjele.dk\/index.php\/2026\/04\/10\/borgermode-med-nyt-om-energipark-tjele-14-april-kl-19-21\/\" target=\"_self\"  style=\"height:100px\"><img loading=\"lazy\" decoding=\"async\" width=\"768\" height=\"355\" src=\"https:\/\/energiparktjele.dk\/wp-content\/uploads\/2026\/01\/borgermode_sundgaards_hus-e1768779207735.jpg\" class=\"attachment-post-thumbnail size-post-thumbnail wp-post-image\" alt=\"Borgerm\u00f8de med nyt om Energipark Tjele 14. april kl. 19-21\" style=\"height:100px;object-fit:cover;\" srcset=\"https:\/\/energiparktjele.dk\/wp-content\/uploads\/2026\/01\/borgermode_sundgaards_hus-e1768779207735.jpg 768w, https:\/\/energiparktjele.dk\/wp-content\/uploads\/2026\/01\/borgermode_sundgaards_hus-e1768779207735-300x139.jpg 300w\" sizes=\"auto, (max-width: 768px) 100vw, 768px\" \/><\/a><\/figure><\/div>\n\n\n\n<div class=\"wp-block-column is-vertically-aligned-center is-layout-flow wp-block-column-is-layout-flow\" style=\"flex-basis:100%\"><h2 class=\"wp-block-post-title has-medium-font-size\"><a href=\"https:\/\/energiparktjele.dk\/index.php\/2026\/04\/10\/borgermode-med-nyt-om-energipark-tjele-14-april-kl-19-21\/\" target=\"_self\" >Borgerm\u00f8de med nyt om Energipark Tjele 14. april kl. 19-21<\/a><\/h2><\/div>\n<\/div>\n\n<\/li><li class=\"wp-block-post post-479 post type-post status-publish format-standard has-post-thumbnail hentry category-nyheder\">\n\n<div class=\"wp-block-columns are-vertically-aligned-center is-layout-flex wp-container-core-columns-is-layout-9d6595d7 wp-block-columns-is-layout-flex\">\n<div class=\"wp-block-column is-vertically-aligned-center is-layout-flow wp-block-column-is-layout-flow\" style=\"flex-basis:25%\"><figure style=\"height:100px;\" class=\"wp-block-post-featured-image\"><a href=\"https:\/\/energiparktjele.dk\/index.php\/2026\/03\/18\/referat-og-slides-fra-borgermode-17-marts-2026\/\" target=\"_self\"  style=\"height:100px\"><img loading=\"lazy\" decoding=\"async\" width=\"1018\" height=\"251\" src=\"https:\/\/energiparktjele.dk\/wp-content\/uploads\/2026\/03\/Borgermode-2026-03-17-img-2.jpg\" class=\"attachment-post-thumbnail size-post-thumbnail wp-post-image\" alt=\"Referat og slides fra borgerm\u00f8de 17. marts 2026\" style=\"height:100px;object-fit:cover;\" srcset=\"https:\/\/energiparktjele.dk\/wp-content\/uploads\/2026\/03\/Borgermode-2026-03-17-img-2.jpg 1018w, https:\/\/energiparktjele.dk\/wp-content\/uploads\/2026\/03\/Borgermode-2026-03-17-img-2-300x74.jpg 300w, https:\/\/energiparktjele.dk\/wp-content\/uploads\/2026\/03\/Borgermode-2026-03-17-img-2-768x189.jpg 768w\" sizes=\"auto, (max-width: 1018px) 100vw, 1018px\" \/><\/a><\/figure><\/div>\n\n\n\n<div class=\"wp-block-column is-vertically-aligned-center is-layout-flow wp-block-column-is-layout-flow\" style=\"flex-basis:100%\"><h2 class=\"wp-block-post-title has-medium-font-size\"><a href=\"https:\/\/energiparktjele.dk\/index.php\/2026\/03\/18\/referat-og-slides-fra-borgermode-17-marts-2026\/\" target=\"_self\" >Referat og slides fra borgerm\u00f8de 17. marts 2026<\/a><\/h2><\/div>\n<\/div>\n\n<\/li><li class=\"wp-block-post post-475 post type-post status-publish format-standard has-post-thumbnail hentry category-nyheder\">\n\n<div class=\"wp-block-columns are-vertically-aligned-center is-layout-flex wp-container-core-columns-is-layout-9d6595d7 wp-block-columns-is-layout-flex\">\n<div class=\"wp-block-column is-vertically-aligned-center is-layout-flow wp-block-column-is-layout-flow\" style=\"flex-basis:25%\"><figure style=\"height:100px;\" class=\"wp-block-post-featured-image\"><a href=\"https:\/\/energiparktjele.dk\/index.php\/2026\/03\/08\/borgermode-med-nyt-om-energipark-tjele-17-marts-kl-19-21\/\" target=\"_self\"  style=\"height:100px\"><img loading=\"lazy\" decoding=\"async\" width=\"1000\" height=\"275\" src=\"https:\/\/energiparktjele.dk\/wp-content\/uploads\/2026\/02\/borgermode.jpeg\" class=\"attachment-post-thumbnail size-post-thumbnail wp-post-image\" alt=\"Borgerm\u00f8de med nyt om Energipark Tjele 17. marts kl. 19-21\" style=\"height:100px;object-fit:cover;\" srcset=\"https:\/\/energiparktjele.dk\/wp-content\/uploads\/2026\/02\/borgermode.jpeg 1000w, https:\/\/energiparktjele.dk\/wp-content\/uploads\/2026\/02\/borgermode-300x83.jpeg 300w, https:\/\/energiparktjele.dk\/wp-content\/uploads\/2026\/02\/borgermode-768x211.jpeg 768w\" sizes=\"auto, (max-width: 1000px) 100vw, 1000px\" \/><\/a><\/figure><\/div>\n\n\n\n<div class=\"wp-block-column is-vertically-aligned-center is-layout-flow wp-block-column-is-layout-flow\" style=\"flex-basis:100%\"><h2 class=\"wp-block-post-title has-medium-font-size\"><a href=\"https:\/\/energiparktjele.dk\/index.php\/2026\/03\/08\/borgermode-med-nyt-om-energipark-tjele-17-marts-kl-19-21\/\" target=\"_self\" >Borgerm\u00f8de med nyt om Energipark Tjele 17. marts kl. 19-21<\/a><\/h2><\/div>\n<\/div>\n\n<\/li><li class=\"wp-block-post post-467 post type-post status-publish format-standard has-post-thumbnail hentry category-nyheder\">\n\n<div class=\"wp-block-columns are-vertically-aligned-center is-layout-flex wp-container-core-columns-is-layout-9d6595d7 wp-block-columns-is-layout-flex\">\n<div class=\"wp-block-column is-vertically-aligned-center is-layout-flow wp-block-column-is-layout-flow\" style=\"flex-basis:25%\"><figure style=\"height:100px;\" class=\"wp-block-post-featured-image\"><a href=\"https:\/\/energiparktjele.dk\/index.php\/2026\/02\/25\/paent-fremmode-til-byradsbeslutning\/\" target=\"_self\"  style=\"height:100px\"><img loading=\"lazy\" decoding=\"async\" width=\"1008\" height=\"221\" src=\"https:\/\/energiparktjele.dk\/wp-content\/uploads\/2026\/02\/IMG_2556_resized_banner.jpeg\" class=\"attachment-post-thumbnail size-post-thumbnail wp-post-image\" alt=\"P\u00e6nt fremm\u00f8de til byr\u00e5dsbeslutning\" style=\"height:100px;object-fit:cover;\" srcset=\"https:\/\/energiparktjele.dk\/wp-content\/uploads\/2026\/02\/IMG_2556_resized_banner.jpeg 1008w, https:\/\/energiparktjele.dk\/wp-content\/uploads\/2026\/02\/IMG_2556_resized_banner-300x66.jpeg 300w, https:\/\/energiparktjele.dk\/wp-content\/uploads\/2026\/02\/IMG_2556_resized_banner-768x168.jpeg 768w\" sizes=\"auto, (max-width: 1008px) 100vw, 1008px\" \/><\/a><\/figure><\/div>\n\n\n\n<div class=\"wp-block-column is-vertically-aligned-center is-layout-flow wp-block-column-is-layout-flow\" style=\"flex-basis:100%\"><h2 class=\"wp-block-post-title has-medium-font-size\"><a href=\"https:\/\/energiparktjele.dk\/index.php\/2026\/02\/25\/paent-fremmode-til-byradsbeslutning\/\" target=\"_self\" >P\u00e6nt fremm\u00f8de til byr\u00e5dsbeslutning<\/a><\/h2><\/div>\n<\/div>\n\n<\/li><li class=\"wp-block-post post-463 post type-post status-publish format-standard has-post-thumbnail hentry category-nyheder\">\n\n<div class=\"wp-block-columns are-vertically-aligned-center is-layout-flex wp-container-core-columns-is-layout-9d6595d7 wp-block-columns-is-layout-flex\">\n<div class=\"wp-block-column is-vertically-aligned-center is-layout-flow wp-block-column-is-layout-flow\" style=\"flex-basis:25%\"><figure style=\"height:100px;\" class=\"wp-block-post-featured-image\"><a href=\"https:\/\/energiparktjele.dk\/index.php\/2026\/02\/17\/overvaerelse-af-byradsmode-25-feb-kl-17-00\/\" target=\"_self\"  style=\"height:100px\"><img loading=\"lazy\" decoding=\"async\" width=\"1531\" height=\"613\" src=\"https:\/\/energiparktjele.dk\/wp-content\/uploads\/2026\/02\/viborg_radhus.jpeg\" class=\"attachment-post-thumbnail size-post-thumbnail wp-post-image\" alt=\"Overv\u00e6relse af byr\u00e5dsm\u00f8de 25. feb. kl. 17.00\" style=\"height:100px;object-fit:cover;\" srcset=\"https:\/\/energiparktjele.dk\/wp-content\/uploads\/2026\/02\/viborg_radhus.jpeg 1531w, https:\/\/energiparktjele.dk\/wp-content\/uploads\/2026\/02\/viborg_radhus-300x120.jpeg 300w, https:\/\/energiparktjele.dk\/wp-content\/uploads\/2026\/02\/viborg_radhus-1024x410.jpeg 1024w, https:\/\/energiparktjele.dk\/wp-content\/uploads\/2026\/02\/viborg_radhus-768x308.jpeg 768w\" sizes=\"auto, (max-width: 1531px) 100vw, 1531px\" \/><\/a><\/figure><\/div>\n\n\n\n<div class=\"wp-block-column is-vertically-aligned-center is-layout-flow wp-block-column-is-layout-flow\" style=\"flex-basis:100%\"><h2 class=\"wp-block-post-title has-medium-font-size\"><a href=\"https:\/\/energiparktjele.dk\/index.php\/2026\/02\/17\/overvaerelse-af-byradsmode-25-feb-kl-17-00\/\" target=\"_self\" >Overv\u00e6relse af byr\u00e5dsm\u00f8de 25. feb. kl. 17.00<\/a><\/h2><\/div>\n<\/div>\n\n<\/li><\/ul><\/div>\n\n\n\n<h1 class=\"wp-block-heading\">Energipark Tjele: En god ide?<\/h1>\n\n\n\n<p>Planerne om Energipark Tjele d\u00e6kker et meget stort areal (7 km<sup>2<\/sup>) med vindm\u00f8ller (14 stk. \u00e1 185\u2009m), solceller (95\u2009ha) og tung industri (&gt;50\u2009ha) midt i et unikt natur- og kulturlandskab.<\/p>\n\n\n\n<h3 class=\"wp-block-heading\">Naturbeskyttelse tilsides\u00e6ttes<\/h3>\n\n\n\n<p>Energiparken ligger t\u00e6t p\u00e5 Natura 2000-omr\u00e5der, som er underlagt streng EU-beskyttelse. Alligevel mangler der fyldestg\u00f8rende konsekvensvurderinger for de beskyttede omr\u00e5der og arter. Her lever bl.a. den s\u00e5rbare taigas\u00e6dg\u00e5s og flagermus. Energiparken vil skabe st\u00f8j og forstyrrelser og \u00f8ger risikoen for, at dyrene mister levesteder eller d\u00f8r som f\u00f8lge af kollisioner.<\/p>\n\n\n\n<h3 class=\"wp-block-heading\">Industriomr\u00e5de og st\u00f8j fra tung trafik<\/h3>\n\n\n\n<p>Ud over 14 meget store vindm\u00f8ller og store markomr\u00e5der med solceller, s\u00e5 planl\u00e6gges der etablering af et stort industriomr\u00e5de med bl.a et meget stort biogasanl\u00e6g samt et pyrolyseanl\u00e6g. Det medf\u00f8rer b\u00e5de st\u00f8j og tung trafik \u2013 op mod 800 lastbiler om dagen \u2013 t\u00e6t p\u00e5 boliger og rekreativ natur.<\/p>\n\n\n\n<h3 class=\"wp-block-heading\">Ingen samlet vurdering<\/h3>\n\n\n\n<p>Projektet er opdelt i tre delomr\u00e5der med hver sin milj\u00f8rapport. Det skjuler den samlede milj\u00f8p\u00e5virkning og det forhindrer gennemsigtighed i beslutningsprocessen, at der ikke er en samlet konsekvensvurdering.<\/p>\n\n\n\n<h3 class=\"wp-block-heading\">Fare for s\u00f8- &amp; vandl\u00f8b og grundvand<\/h3>\n\n\n\n<p>Projektet placeres i et omr\u00e5de med vigtige drikkevandsressourcer, hvor omfattende terr\u00e6n\u00e6ndringer, bef\u00e6stelse og industriel aktivitet kan true b\u00e5de grundvandsdannelse og -kvalitet. Flere h\u00f8ringssvar peger p\u00e5, at risikoen for forurening og utilstr\u00e6kkelig beskyttelse af grundvandet ikke er tilstr\u00e6kkeligt belyst. Desuden er der er risiko for udsivning af kv\u00e6lstof, fosfor og PFAS. Tjele Langs\u00f8, har via Skals \u00c5, afl\u00f8b til Hjarb\u00e6k Fjord. Grundvandsreservoiret er essentielt for lokalomr\u00e5det, og leverer drikkevand til 7 offentlige vandv\u00e6rker. <\/p>\n\n\n\n<h3 class=\"wp-block-heading\">Store v\u00e6rditab af ejendomme i et st\u00f8rre omr\u00e5de<\/h3>\n\n\n\n<p>Mere end 2000 ejendomme, som efter nylige vurderinger (2024) fra forskere fra Aarhus Universitet, viser at <strong>ejendomsv\u00e6rditabet<\/strong>, som konsekvens af Energipark Tjele, vil ligge p\u00e5 <strong>20-30%.<\/strong> Det beregnede v\u00e6rditab p\u00e5virker mere end 2000 boliger i en radius p\u00e5 3\u2009km fra hovedomr\u00e5det ved Tjele, samt delomr\u00e5derne ved Sj\u00f8rring og Kvorning. Der er kun begr\u00e6nset mulighed for lokale at kunne blive godtgjort for dette v\u00e6rditab. Lokalsamfundet og de lokale borgere vil s\u00e5ledes st\u00e5 med regningen for etableringen af energiparken.<\/p>\n\n\n\n<h3 class=\"wp-block-heading\">Stigende modstand og klager<\/h3>\n\n\n\n<p>Der mangler konsekvensvurderinger, og flere naturbeskyttelsesregler og EU-direktiver risikerer at blive overtr\u00e5dt. St\u00f8j, lys, landskabsp\u00e5virkning og tung trafik vil \u00e6ndre omr\u00e5det markant &#8211; b\u00e5de for naturen og lokalbefolkningen. Projektet bygger desuden p\u00e5 tvivlsomme faglige vurderinger og mangler uafh\u00e6ngig dokumentation. <\/p>\n\n\n\n<p>Lokale borgere og naturorganisationer har derfor indsendt klager til relevante myndigheder og n\u00e6vn, ligesom der ogs\u00e5 har v\u00e6ret flere demonstrationer foran r\u00e5dhuset i Viborg hvor der protesteres over det enorme anl\u00e6g der \u00f8nskes etableret.<\/p>\n\n\n\n<h3 class=\"wp-block-heading\">Bliv medlem &#8211; s\u00e5 vi kan bevare Tjele<\/h3>\n\n\n\n<p>Din stemme er vigtig! Jo flere vi er, des bedre kan vi yde modstand mod det projektet. V\u00e6r med i f\u00e6lleskabet i foreningen og arbejdet for at bevare naturen og lokalsamfundet &#8211; sammen st\u00e5r vi st\u00e6rkere!<\/p>\n\n\n\n<div class=\"wp-block-buttons is-layout-flex wp-block-buttons-is-layout-flex\">\n<div class=\"wp-block-button\"><a class=\"wp-block-button__link has-accent-background-color has-background wp-element-button\" href=\"https:\/\/energiparktjele.dk\/index.php\/bliv-medlem\/\">Bliv medlem<\/a><\/div>\n<\/div>\n\n\n\n<p><\/p>\n\n\n\n<figure class=\"wp-block-image size-full\"><img loading=\"lazy\" decoding=\"async\" width=\"1018\" height=\"251\" src=\"https:\/\/energiparktjele.dk\/wp-content\/uploads\/2026\/03\/Borgermode-2026-03-17-img-2.jpg\" alt=\"\" class=\"wp-image-491\" srcset=\"https:\/\/energiparktjele.dk\/wp-content\/uploads\/2026\/03\/Borgermode-2026-03-17-img-2.jpg 1018w, https:\/\/energiparktjele.dk\/wp-content\/uploads\/2026\/03\/Borgermode-2026-03-17-img-2-300x74.jpg 300w, https:\/\/energiparktjele.dk\/wp-content\/uploads\/2026\/03\/Borgermode-2026-03-17-img-2-768x189.jpg 768w\" sizes=\"auto, (max-width: 1018px) 100vw, 1018px\" \/><\/figure>\n\n\n\n<p><\/p>\n\n\n\n<h2 class=\"wp-block-heading\">Facebook-grupper m.m.<\/h2>\n\n\n\n<p>Nysgerrig p\u00e5 mere information? Hold \u00f8je med vores <a href=\"https:\/\/energiparktjele.dk\/index.php\/category\/nyheder\/\" data-type=\"category\" data-id=\"7\"><strong>nyheder<\/strong><\/a> her p\u00e5 hjemmesiden, hvor vi l\u00f8bende annoncerer vores <strong>\u00e5bne borgerm\u00f8der<\/strong>, hvor alle kan deltage. <\/p>\n\n\n\n<p>Foreningen har ogs\u00e5 et <a href=\"https:\/\/energiparktjele.dk\/index.php\/tilmeld-dig-vores-nyhedsbrev\/\" data-type=\"page\" data-id=\"351\">nyhedsbrev<\/a>, som alle frit kan tilmelde sig.<\/p>\n\n\n\n<p>Foreningen har for nuv\u00e6rende ikke selv en Facebook-gruppe, men vi fors\u00f8ger ogs\u00e5 f\u00f8lgende at holde lokalomr\u00e5det opdateret i f\u00f8lgende Facebook-grupper:<\/p>\n\n\n\n<ul class=\"wp-block-list\">\n<li><a href=\"https:\/\/www.facebook.com\/groups\/748262093578349\/\" target=\"_blank\" rel=\"noreferrer noopener\">Naboer til Energiprojekter \u00d8st for Viborg<\/a><\/li>\n\n\n\n<li><a href=\"https:\/\/www.facebook.com\/groups\/1082337653431274\/\" target=\"_blank\" rel=\"noreferrer noopener\">Modspil energiparker Viborg kommune<\/a><\/li>\n<\/ul>\n\n\n\n<h2 class=\"wp-block-heading\">Bliv medlem<\/h2>\n\n\n\n<p>Vi har brug for dig! Hvis du gerne vil st\u00f8tte foreningens vigtige arbejde s\u00e5 bliv medlem:<\/p>\n\n\n\n<div class=\"wp-block-buttons is-layout-flex wp-block-buttons-is-layout-flex\">\n<div class=\"wp-block-button\"><a class=\"wp-block-button__link has-accent-background-color has-background wp-element-button\" href=\"https:\/\/energiparktjele.dk\/index.php\/bliv-medlem\/\">Bliv medlem<\/a><\/div>\n<\/div>\n","protected":false},"excerpt":{"rendered":"<p>Vi har brug for dig! Hvis du gerne vil st\u00f8tte foreningens vigtige arbejde s\u00e5 bliv medlem: Nyheder Seneste nyheder. Klik p\u00e5 titlen for at l\u00e6se nyheden. For at se en oversigt over alle nyheder klik her. Energipark Tjele: En god ide? Planerne om Energipark Tjele d\u00e6kker et meget stort areal (7 km2) med vindm\u00f8ller (14 &#8230; <a title=\"Velkommen til Foreningen mod Energipark Tjele\" class=\"read-more\" href=\"https:\/\/energiparktjele.dk\/\" aria-label=\"Read more about Velkommen til Foreningen mod Energipark Tjele\">Read more<\/a><\/p>\n","protected":false},"author":1,"featured_media":129,"parent":0,"menu_order":0,"comment_status":"closed","ping_status":"closed","template":"","meta":{"footnotes":""},"class_list":["post-13","page","type-page","status-publish","has-post-thumbnail"],"_links":{"self":[{"href":"https:\/\/energiparktjele.dk\/index.php\/wp-json\/wp\/v2\/pages\/13","targetHints":{"allow":["GET"]}}],"collection":[{"href":"https:\/\/energiparktjele.dk\/index.php\/wp-json\/wp\/v2\/pages"}],"about":[{"href":"https:\/\/energiparktjele.dk\/index.php\/wp-json\/wp\/v2\/types\/page"}],"author":[{"embeddable":true,"href":"https:\/\/energiparktjele.dk\/index.php\/wp-json\/wp\/v2\/users\/1"}],"replies":[{"embeddable":true,"href":"https:\/\/energiparktjele.dk\/index.php\/wp-json\/wp\/v2\/comments?post=13"}],"version-history":[{"count":118,"href":"https:\/\/energiparktjele.dk\/index.php\/wp-json\/wp\/v2\/pages\/13\/revisions"}],"predecessor-version":[{"id":529,"href":"https:\/\/energiparktjele.dk\/index.php\/wp-json\/wp\/v2\/pages\/13\/revisions\/529"}],"wp:featuredmedia":[{"embeddable":true,"href":"https:\/\/energiparktjele.dk\/index.php\/wp-json\/wp\/v2\/media\/129"}],"wp:attachment":[{"href":"https:\/\/energiparktjele.dk\/index.php\/wp-json\/wp\/v2\/media?parent=13"}],"curies":[{"name":"wp","href":"https:\/\/api.w.org\/{rel}","templated":true}]}}