{"id":395,"date":"2026-01-21T19:56:24","date_gmt":"2026-01-21T19:56:24","guid":{"rendered":"https:\/\/energiparktjele.dk\/?page_id=395"},"modified":"2026-01-21T19:56:24","modified_gmt":"2026-01-21T19:56:24","slug":"vedtaegter","status":"publish","type":"page","link":"https:\/\/energiparktjele.dk\/index.php\/vedtaegter\/","title":{"rendered":"Vedt\u00e6gter"},"content":{"rendered":"\n<h2 class=\"wp-block-heading\"><strong>Vedt\u00e6gter for Foreningen mod Energipark Tjele<\/strong><\/h2>\n\n\n\n<p>Som vedtaget p\u00e5 stiftende generalforsamling 2026-01-16.<\/p>\n\n\n\n<p>\u00a7<strong>1 Navn og hjemsted<\/strong><\/p>\n\n\n\n<p>Foreningens navn er Foreningen mod Energipark Tjele.<\/p>\n\n\n\n<p>Foreningen er hjemmeh\u00f8rende i Viborg Kommune.<\/p>\n\n\n\n<p>\u00a7<strong>2 Form\u00e5l<\/strong><\/p>\n\n\n\n<p>Foreningens form\u00e5l:<\/p>\n\n\n\n<p>Stk.1. Foreningens form\u00e5l er at beskytte og bevare natur, kultur, herlighedsv\u00e6rdier og lokalsamfund i Tjele-omr\u00e5det, herunder at gennemf\u00f8re aktiviteter og arbejde for at omr\u00e5det i Tjele friholdes for opstilling af Energipark Tjele med vindm\u00f8ller, solceller, biogas og industrianl\u00e6g.<\/p>\n\n\n\n<p>Stk.2. Foreningen har tillige til form\u00e5l at arbejde for bevarelse og beskyttelse af milj\u00f8et, natur og arter knyttet til de bevaringsv\u00e6rdige landskaber af national interesse og fredninger i Danmark generelt.<\/p>\n\n\n\n<p>Stk.3. Det landsd\u00e6kkende form\u00e5l s\u00f8ges blandt andet opn\u00e5et ved med udgangspunkt i konkrete omr\u00e5der at bidrage til at oplyse om de milj\u00f8beskyttelsesm\u00e6ssige interesser og om n\u00f8dvendigt at p\u00e5tale og h\u00e5ndh\u00e6ve disse retsligt i forbindelse med konkrete myndighedsafg\u00f8relser.<\/p>\n\n\n\n<p>\u00a7<strong>3 Medlemmer<\/strong><\/p>\n\n\n\n<p>Som medlemmer kan optages personer og husstande, der er bosiddende i Viborg Kommune, s\u00e5fremt de kan tilslutte sig foreningens form\u00e5l og vedkende sig n\u00e6rv\u00e6rende vedt\u00e6gter. St\u00f8ttemedlemmer kan optages uanset bop\u00e6l.<\/p>\n\n\n\n<p>Et personligt medlemskab giver stemmeret ved generalforsamlingen og ret til at stille op til bestyrelsen. Et husstandsmedlemskab giver to af bop\u00e6lens beboere stemmeret ved generalforsamlingen og ret til at stille op til bestyrelsen.<\/p>\n\n\n\n<p>Enhver, der \u00f8nsker at st\u00f8tte foreningens form\u00e5l, kan tegne et st\u00f8ttemedlemskab. St\u00f8ttemedlemmer har ikke stemmeret ved generalforsamlingen og kan ikke v\u00e6lges til bestyrelsen.<\/p>\n\n\n\n<p>Ethvert medlem kan ekskluderes ved flertalsbeslutning i bestyrelsen. Et ekskluderet medlem kan f\u00e5 behandlet sin sag p\u00e5 generalforsamlingen.<\/p>\n\n\n\n<p>\u00a7<strong>4 Generalforsamling<\/strong><\/p>\n\n\n\n<p>Foreningens h\u00f8jeste myndighed er generalforsamlingen, der afholdes hvert \u00e5r i <strong><em>f\u00f8rste kvartal<\/em><\/strong>. Generalforsamlingen indkaldes skriftligt med mindst 1 m\u00e5neds varsel og med angivelse af dato, tidspunkt og sted.<\/p>\n\n\n\n<p>Generalforsamlingens dagsorden skal som minimum omfatte f\u00f8lgende punkter:<\/p>\n\n\n\n<p>1. Valg af dirigent<br>2. \u00c5rsberetning til godkendelse<br>3. Freml\u00e6ggelse af revideret regnskab til godkendelse<br>4. Fasts\u00e6ttelse af kontingent<br>5. Indkomne forslag<br>6. Behandling af eksklusionssager<br>7. Valg af bestyrelsesmedlemmer og suppleanter<br>8. Valg af revisor<br>9. Eventuelt<\/p>\n\n\n\n<p>Forslag, der \u00f8nskes behandlet p\u00e5 generalforsamlingen, skal v\u00e6re formanden i h\u00e6nde senest 2 uger inden afholdelse af generalforsamlingen.<\/p>\n\n\n\n<p>Dagsorden og regnskab fremsendes senest 1 uge inden generalforsamlingen.<\/p>\n\n\n\n<p>Beslutninger tr\u00e6ffes ved almindeligt stemmeflertal med undtagelse af vedt\u00e6gts\u00e6ndringer (se \u00a79) og foreningens opl\u00f8sning (se \u00a7 10).<\/p>\n\n\n\n<p>Generalforsamlingen er beslutningsdygtig med de fremm\u00f8dte medlemmer. Der kan ikke stemmes med fuldmagt.<\/p>\n\n\n\n<p>\u00a7<strong>5 Ekstraordin\u00e6r generalforsamling<\/strong><\/p>\n\n\n\n<p>Ekstraordin\u00e6r generalforsamling kan afholdes, n\u00e5r et flertal af bestyrelsen finder det n\u00f8dvendigt, eller n\u00e5r mindst 1\/4 af foreningens medlemmer stiller skriftligt krav herom med angivelse af dagsorden.<\/p>\n\n\n\n<p>Ekstraordin\u00e6r generalforsamling indkaldes skriftligt med mindst 14 dages varsel og senest 4 uger efter, at anmodningen er indgivet. Sammen med indkaldelsen vedl\u00e6gges en dagsorden med de punkter, der skal behandles.<\/p>\n\n\n\n<p>\u00a7<strong>6 Bestyrelsen<\/strong><\/p>\n\n\n\n<p>Foreningen ledes af en bestyrelse p\u00e5 5 medlemmer, som v\u00e6lges af generalforsamlingen for en to\u00e5rig periode. P\u00e5 lige \u00e5r v\u00e6lges to medlemmer og ulige \u00e5r v\u00e6lges tre medlemmer.<\/p>\n\n\n\n<p>Desuden v\u00e6lges der 1-2 suppleanter for et \u00e5r.<\/p>\n\n\n\n<p>Senest 14 dage efter hver generalforsamling konstituerer bestyrelsen sig selv med formand, n\u00e6stformand og kasserer.<\/p>\n\n\n\n<p>Der afholdes bestyrelsesm\u00f8der, n\u00e5r formanden eller mindst to bestyrelsesmedlemmer finder det n\u00f8dvendigt. Der udsendes dagsorden og f\u00f8res protokol over bestyrelsens m\u00f8der. Bestyrelsen fasts\u00e6tter selv sin forretningsorden og v\u00e6lger, hvor mange ikke-bestyrelsesmedlemmer, der kan deltage i bestyrelsesm\u00f8derne.<\/p>\n\n\n\n<p>\u00a7<strong>7 \u00d8konomi<\/strong><\/p>\n\n\n\n<p>Kontingent fasts\u00e6ttes hvert \u00e5r p\u00e5 den ordin\u00e6re generalforsamling.<\/p>\n\n\n\n<p>Foreningens regnskabs\u00e5r er kalender\u00e5ret.<\/p>\n\n\n\n<p>Regnskabet f\u00f8res af foreningens kasserer og revideres af en af generalforsamlingen valgt revisor. Regnskabet skal v\u00e6re revideret inden den ordin\u00e6re generalforsamling.<\/p>\n\n\n\n<p>Revisoren v\u00e6lges af generalforsamlingen for et \u00e5r.<\/p>\n\n\n\n<p>\u00a7<strong>8 Tegning og h\u00e6ftelse<\/strong><\/p>\n\n\n\n<p>Foreningen tegnes af formand og et bestyrelsesmedlem i forening.<br>Tegningsretten m\u00e5 til enhver tid fremg\u00e5 af bestyrelsesprotokollen.<\/p>\n\n\n\n<p>Foreningens ejendele tilh\u00f8rer foreningen som juridisk person. Foreningen h\u00e6fter med sine ejendele for opfyldelsen af de af foreningen indg\u00e5ede forpligtelser.<\/p>\n\n\n\n<p>Foreningens medlemmer har ikke nogen ejendomsret over noget, der tilh\u00f8rer foreningen.<\/p>\n\n\n\n<p>Foreningens medlemmer h\u00e6fter ikke personligt for foreningens forpligtelser.<\/p>\n\n\n\n<p>\u00a7<strong>9 Vedt\u00e6gts\u00e6ndringer<\/strong><\/p>\n\n\n\n<p>Vedt\u00e6gterne kan \u00e6ndres p\u00e5 enhver lovligt indkaldt generalforsamling. <br>Vedt\u00e6gts\u00e6ndringer kan foretages, n\u00e5r 2\/3 af deltagerne i en generalforsamling stemmer herfor.<\/p>\n\n\n\n<p>\u00a7<strong>10 Opl\u00f8sning<\/strong><\/p>\n\n\n\n<p>Foreningen kan opl\u00f8ses, n\u00e5r 2\/3 af deltagerne i to p\u00e5 hinanden f\u00f8lgende generalforsamlinger stemmer herfor.<\/p>\n\n\n\n<p>Den opl\u00f8sende generalforsamling tager stilling til, hvilken lokal organisation en eventuel formue skal gives til.<\/p>\n","protected":false},"excerpt":{"rendered":"<p>Vedt\u00e6gter for Foreningen mod Energipark Tjele Som vedtaget p\u00e5 stiftende generalforsamling 2026-01-16. \u00a71 Navn og hjemsted Foreningens navn er Foreningen mod Energipark Tjele. Foreningen er hjemmeh\u00f8rende i Viborg Kommune. \u00a72 Form\u00e5l Foreningens form\u00e5l: Stk.1. Foreningens form\u00e5l er at beskytte og bevare natur, kultur, herlighedsv\u00e6rdier og lokalsamfund i Tjele-omr\u00e5det, herunder at gennemf\u00f8re aktiviteter og arbejde for &#8230; <a title=\"Vedt\u00e6gter\" class=\"read-more\" href=\"https:\/\/energiparktjele.dk\/index.php\/vedtaegter\/\" aria-label=\"Read more about Vedt\u00e6gter\">Read more<\/a><\/p>\n","protected":false},"author":1,"featured_media":0,"parent":0,"menu_order":0,"comment_status":"closed","ping_status":"closed","template":"","meta":{"footnotes":""},"class_list":["post-395","page","type-page","status-publish"],"_links":{"self":[{"href":"https:\/\/energiparktjele.dk\/index.php\/wp-json\/wp\/v2\/pages\/395","targetHints":{"allow":["GET"]}}],"collection":[{"href":"https:\/\/energiparktjele.dk\/index.php\/wp-json\/wp\/v2\/pages"}],"about":[{"href":"https:\/\/energiparktjele.dk\/index.php\/wp-json\/wp\/v2\/types\/page"}],"author":[{"embeddable":true,"href":"https:\/\/energiparktjele.dk\/index.php\/wp-json\/wp\/v2\/users\/1"}],"replies":[{"embeddable":true,"href":"https:\/\/energiparktjele.dk\/index.php\/wp-json\/wp\/v2\/comments?post=395"}],"version-history":[{"count":1,"href":"https:\/\/energiparktjele.dk\/index.php\/wp-json\/wp\/v2\/pages\/395\/revisions"}],"predecessor-version":[{"id":396,"href":"https:\/\/energiparktjele.dk\/index.php\/wp-json\/wp\/v2\/pages\/395\/revisions\/396"}],"wp:attachment":[{"href":"https:\/\/energiparktjele.dk\/index.php\/wp-json\/wp\/v2\/media?parent=395"}],"curies":[{"name":"wp","href":"https:\/\/api.w.org\/{rel}","templated":true}]}}