{"id":398,"date":"2026-01-21T20:00:14","date_gmt":"2026-01-21T20:00:14","guid":{"rendered":"https:\/\/energiparktjele.dk\/?page_id=398"},"modified":"2026-03-26T01:47:30","modified_gmt":"2026-03-26T01:47:30","slug":"om-foreningen","status":"publish","type":"page","link":"https:\/\/energiparktjele.dk\/index.php\/om-foreningen\/","title":{"rendered":"Om foreningen"},"content":{"rendered":"\n<p>Foreningen mod Energipark Tjele arbejder for at bevare den flotte natur og landskab i Tjele fri for industrikomplekset Energipark Tjele. <\/p>\n\n\n\n<p>Se ogs\u00e5 siden <a href=\"https:\/\/energiparktjele.dk\/index.php\/bestyrelsen\/\" data-type=\"page\" data-id=\"2\">bestyrelsen<\/a> og foreningens <a href=\"https:\/\/energiparktjele.dk\/index.php\/vedtaegter\/\" data-type=\"page\" data-id=\"395\">vedt\u00e6gter<\/a>.<\/p>\n\n\n\n<p>Hvis du gerne vil st\u00f8tte op om foreningens vigtige arbejde, s\u00e5 kan du melde dig ind her:<\/p>\n\n\n\n<div class=\"wp-block-buttons is-layout-flex wp-block-buttons-is-layout-flex\">\n<div class=\"wp-block-button\"><a class=\"wp-block-button__link has-accent-background-color has-background wp-element-button\" href=\"https:\/\/energiparktjele.dk\/index.php\/bliv-medlem\/\">Bliv medlem<\/a><\/div>\n<\/div>\n\n\n\n<p><\/p>\n\n\n\n<p>Foreningens adresse:<\/p>\n\n\n\n<p>Foreningen mod Energipark Tjele<br>c\/o Nancy Knudsen<br>Tjele M\u00f8llevej 22<br>CVR: 46197704<\/p>\n\n\n\n<p>Bankkonto: Sparekassen Danmark<br>Registreringsnummer: 9070<br>Kontonummer: 1645812014<\/p>\n","protected":false},"excerpt":{"rendered":"<p>Foreningen mod Energipark Tjele arbejder for at bevare den flotte natur og landskab i Tjele fri for industrikomplekset Energipark Tjele. Se ogs\u00e5 siden bestyrelsen og foreningens vedt\u00e6gter. Hvis du gerne vil st\u00f8tte op om foreningens vigtige arbejde, s\u00e5 kan du melde dig ind her: Foreningens adresse: Foreningen mod Energipark Tjelec\/o Nancy KnudsenTjele M\u00f8llevej 22CVR: 46197704 &#8230; <a title=\"Om foreningen\" class=\"read-more\" href=\"https:\/\/energiparktjele.dk\/index.php\/om-foreningen\/\" aria-label=\"Read more about Om foreningen\">Read more<\/a><\/p>\n","protected":false},"author":1,"featured_media":439,"parent":0,"menu_order":0,"comment_status":"closed","ping_status":"closed","template":"","meta":{"footnotes":""},"class_list":["post-398","page","type-page","status-publish","has-post-thumbnail"],"_links":{"self":[{"href":"https:\/\/energiparktjele.dk\/index.php\/wp-json\/wp\/v2\/pages\/398","targetHints":{"allow":["GET"]}}],"collection":[{"href":"https:\/\/energiparktjele.dk\/index.php\/wp-json\/wp\/v2\/pages"}],"about":[{"href":"https:\/\/energiparktjele.dk\/index.php\/wp-json\/wp\/v2\/types\/page"}],"author":[{"embeddable":true,"href":"https:\/\/energiparktjele.dk\/index.php\/wp-json\/wp\/v2\/users\/1"}],"replies":[{"embeddable":true,"href":"https:\/\/energiparktjele.dk\/index.php\/wp-json\/wp\/v2\/comments?post=398"}],"version-history":[{"count":5,"href":"https:\/\/energiparktjele.dk\/index.php\/wp-json\/wp\/v2\/pages\/398\/revisions"}],"predecessor-version":[{"id":499,"href":"https:\/\/energiparktjele.dk\/index.php\/wp-json\/wp\/v2\/pages\/398\/revisions\/499"}],"wp:featuredmedia":[{"embeddable":true,"href":"https:\/\/energiparktjele.dk\/index.php\/wp-json\/wp\/v2\/media\/439"}],"wp:attachment":[{"href":"https:\/\/energiparktjele.dk\/index.php\/wp-json\/wp\/v2\/media?parent=398"}],"curies":[{"name":"wp","href":"https:\/\/api.w.org\/{rel}","templated":true}]}}